{"id":1538,"date":"2015-01-12T14:45:15","date_gmt":"2015-01-12T13:45:15","guid":{"rendered":"http:\/\/blog-sans-gluten.com\/?page_id=1538"},"modified":"2022-05-18T18:58:14","modified_gmt":"2022-05-18T16:58:14","slug":"ressources-sans-gluten","status":"publish","type":"page","link":"https:\/\/marcwelter.com\/blogsansgluten\/ressources-sans-gluten\/","title":{"rendered":"Ressources sans gluten"},"content":{"rendered":"<figure class=\"alignwide wp-block-post-featured-image\"><img data-recalc-dims=\"1\" decoding=\"async\" width=\"1080\" height=\"608\" src=\"https:\/\/i0.wp.com\/marcwelter.com\/blogsansgluten\/wp-content\/uploads\/sites\/6\/ressources-sans-gluten-formations-consultations-intolerances-alimentaires-gluten-et-sante-questions-frequentes-blog-sans-gluten-legumes.jpg?resize=1080%2C608&#038;ssl=1\" class=\"attachment-post-thumbnail size-post-thumbnail wp-post-image\" alt=\"Faites votre choix parmi une s\u00e9lection de ressources sans gluten. En cas d&#039;intol\u00e9rances alimentaires, si vous cherchez des informations \u00e0 propos du sans gluten sans lait sans oeuf, gluten et sant\u00e9, nutrition et sant\u00e9. Le blog sans gluten sans lait sans oeuf vous pr\u00e9sente ses meilleurs ressources sur l&#039;alimentation sans gluten et sant\u00e9\" style=\"object-fit:cover;\" srcset=\"https:\/\/marcwelter.com\/blogsansgluten\/wp-content\/uploads\/sites\/6\/ressources-sans-gluten-formations-consultations-intolerances-alimentaires-gluten-et-sante-questions-frequentes-blog-sans-gluten-legumes.jpg 1920w, https:\/\/marcwelter.com\/blogsansgluten\/wp-content\/uploads\/sites\/6\/ressources-sans-gluten-formations-consultations-intolerances-alimentaires-gluten-et-sante-questions-frequentes-blog-sans-gluten-legumes-1280x720.jpg 1280w, https:\/\/marcwelter.com\/blogsansgluten\/wp-content\/uploads\/sites\/6\/ressources-sans-gluten-formations-consultations-intolerances-alimentaires-gluten-et-sante-questions-frequentes-blog-sans-gluten-legumes-980x551.jpg 980w, https:\/\/marcwelter.com\/blogsansgluten\/wp-content\/uploads\/sites\/6\/ressources-sans-gluten-formations-consultations-intolerances-alimentaires-gluten-et-sante-questions-frequentes-blog-sans-gluten-legumes-480x270.jpg 480w\" sizes=\"(min-width: 0px) and (max-width: 480px) 480px, (min-width: 481px) and (max-width: 980px) 980px, (min-width: 981px) and (max-width: 1280px) 1280px, (min-width: 1281px) 1920px, 100vw\" \/><\/figure>\n\n<p>\u00a0<\/p>\n<p>\u00a0<\/p>\n<p>Vous trouverez ici une s\u00e9lection d&rsquo;informations sur l&rsquo;<strong>alimentation sans gluten, les intol\u00e9rances alimentaires<\/strong> et la <strong>nutrition sant\u00e9,<\/strong> que vous pourrez mettre en pratique sans attendre, pour <strong>agir<\/strong> tout en am\u00e9liorant rapidement votre <strong>compr\u00e9hension<\/strong> du sujet !<\/p>\n<p>\u00a0<\/p>\n<h3><a href=\"https:\/\/marcwelter.com\/blogsansgluten\/lexique-sans-gluten\/\">Lexique sans gluten<\/a><a href=\"https:\/\/marcwelter.com\/blogsansgluten\/lexique-sans-gluten\/\"><img data-recalc-dims=\"1\" decoding=\"async\" class=\"wp-image-neuro alignright wp-image-243 size-medium\" src=\"https:\/\/i0.wp.com\/marcwelter.com\/blogsansgluten\/wp-content\/uploads\/sites\/6\/lexique-sans-gluten-le-vocabulaire-pour-pouvoir-cuisiner-sans-gluten-pas-a-pas.jpg?resize=300%2C200&#038;ssl=1\" alt=\"ressources sans gluten,intol\u00e9rances alimentaires,sans gluten,sans oeuf,sans lait,sans gluten sans lait sans oeuf,gluten et sant\u00e9,nutrition et sant\u00e9,blog sans gluten sans lait sans oeuf,alimentation sans gluten et sant\u00e9\" width=\"300\" height=\"200\" srcset=\"https:\/\/i0.wp.com\/marcwelter.com\/blogsansgluten\/wp-content\/uploads\/sites\/6\/lexique-sans-gluten-le-vocabulaire-pour-pouvoir-cuisiner-sans-gluten-pas-a-pas.jpg?resize=300%2C200&amp;ssl=1 300w, https:\/\/i0.wp.com\/marcwelter.com\/blogsansgluten\/wp-content\/uploads\/sites\/6\/lexique-sans-gluten-le-vocabulaire-pour-pouvoir-cuisiner-sans-gluten-pas-a-pas.jpg?resize=100%2C66&amp;ssl=1 100w, https:\/\/i0.wp.com\/marcwelter.com\/blogsansgluten\/wp-content\/uploads\/sites\/6\/lexique-sans-gluten-le-vocabulaire-pour-pouvoir-cuisiner-sans-gluten-pas-a-pas.jpg?resize=150%2C100&amp;ssl=1 150w, https:\/\/i0.wp.com\/marcwelter.com\/blogsansgluten\/wp-content\/uploads\/sites\/6\/lexique-sans-gluten-le-vocabulaire-pour-pouvoir-cuisiner-sans-gluten-pas-a-pas.jpg?resize=200%2C133&amp;ssl=1 200w, https:\/\/i0.wp.com\/marcwelter.com\/blogsansgluten\/wp-content\/uploads\/sites\/6\/lexique-sans-gluten-le-vocabulaire-pour-pouvoir-cuisiner-sans-gluten-pas-a-pas.jpg?resize=450%2C300&amp;ssl=1 450w, https:\/\/i0.wp.com\/marcwelter.com\/blogsansgluten\/wp-content\/uploads\/sites\/6\/lexique-sans-gluten-le-vocabulaire-pour-pouvoir-cuisiner-sans-gluten-pas-a-pas.jpg?resize=600%2C400&amp;ssl=1 600w, https:\/\/i0.wp.com\/marcwelter.com\/blogsansgluten\/wp-content\/uploads\/sites\/6\/lexique-sans-gluten-le-vocabulaire-pour-pouvoir-cuisiner-sans-gluten-pas-a-pas.jpg?w=640&amp;ssl=1 640w\" sizes=\"(max-width: 300px) 100vw, 300px\" \/><\/a><\/h3>\n<p>Dans le lexique sans gluten, je vous ai rassembl\u00e9 une <strong>liste de d\u00e9finitions<\/strong> importantes et utiles \u00e0 connaitre.<\/p>\n<p>C&rsquo;est un bon point de rep\u00e8re aussi pour prendre vos marques concernant cette th\u00e9matique bien vaste de l&rsquo;alimentation et de la cuisine sans gluten.<\/p>\n<h3><a href=\"https:\/\/marcwelter.com\/blogsansgluten\/intolerance-alimentaire\/\">Intol\u00e9rances alimentaires<\/a><\/h3>\n<p>Le sujet des intol\u00e9rances alimentaires \u00e9veille g\u00e9n\u00e9ralement beaucoup de questionnements et de doutes.<\/p>\n<p>De tr\u00e8s nombreuses questions restent aujourd&rsquo;hui encore ouvertes.<\/p>\n<p>Bien souvent, les \u00e9quipes de recherche et m\u00e9decins eux-m\u00eames n&rsquo;ont pas encore trouv\u00e9 toutes les cl\u00e9s.<\/p>\n<p>Parfois, les scientifiques ont obtenu des informations utiles, mais celles-ci n&rsquo;ont pas encore fait leur chemin jusqu&rsquo;aux m\u00e9decins, ou jusqu&rsquo;aux patientes et patients. <em>Et jusqu&rsquo;\u00e0 vous ?<\/em><\/p>\n<p>Cette <a href=\"https:\/\/marcwelter.com\/blogsansgluten\/intolerance-alimentaire\/\">s\u00e9lection de contenus sur les intol\u00e9rances alimentaires<\/a> pourrait vous aider \u00e0 faire le lien, vous apporter plus de connaissances sur ce sujet difficile.<\/p>\n<h3><a href=\"https:\/\/marcwelter.com\/blogsansgluten\/gluten-et-sante\/\">Gluten et sant\u00e9<\/a><\/h3>\n<p>Le <strong>gluten<\/strong> n\u2019est pas uniquement un effet de mode.<\/p>\n<p>D\u2019ailleurs sur le Blog Sans Gluten, en plus des recettes sans gluten, je privil\u00e9gie le partage d\u2019informations nutritionnelles et scientifiques pour vous aider \u00e0 vous y retrouver et \u00e0 comprendre l\u2019importance du r\u00f4le de l\u2019alimentation sur la sant\u00e9, et l\u2019impact du gluten sur la sant\u00e9 en particulier.<\/p>\n<p>Ici sont regroup\u00e9s des articles du blog o\u00f9 j\u2019aborde sp\u00e9cifiquement le lien entre <a href=\"https:\/\/marcwelter.com\/blogsansgluten\/gluten-et-sante\/\">gluten et sant\u00e9<\/a> !<\/p>\n<h3><a href=\"https:\/\/marcwelter.com\/blogsansgluten\/faq-sans-gluten\/\">Questions fr\u00e9quentes : sans gluten sans lait sans \u0153uf<\/a><\/h3>\n<p>La sant\u00e9 et la nutrition sont des pr\u00e9occupations majeures. Elles nous am\u00e8nent \u00e0 nous poser beaucoup de questions parce que la sant\u00e9 on veut la garder, ou quand on l&rsquo;a perdue, on veut la retrouver.<\/p>\n<p>Donc \u00e9videmment, on cherche, on cherche, mais on ne sait pas toujours o\u00f9 chercher pour avoir la meilleure r\u00e9ponse.<\/p>\n<p>Sur la base de mon exp\u00e9rience, de mes connaissances, j&rsquo;ai r\u00e9pondu de mon mieux \u00e0 <a href=\"https:\/\/marcwelter.com\/blogsansgluten\/faq-sans-gluten\/\">une s\u00e9rie de questions fr\u00e9quentes (FAQ)<\/a>, s\u00e9lectionn\u00e9es parmi toutes celles que vous vous posez probablement.<\/p>\n<h3><a href=\"https:\/\/marcwelter.com\/blogsansgluten\/nutrition-et-sante\/\">Nutrition et sant\u00e9<\/a><\/h3>\n<p>Au risque de vous surprendre, le <strong>Blog Sans Gluten<\/strong> n\u2019est pas qu&rsquo;un <strong>blog sans gluten sans lait sans \u0153uf<\/strong>\u2026<\/p>\n<p>Je m\u2019explique : la cuisine est essentielle sur le blog, mais ce qui me tient le plus \u00e0 c\u0153ur de partager ici avec vous, ce sont surtout d&rsquo;importantes notions de nutrition et de sant\u00e9.<\/p>\n<p>En effet, <em>comment faire de notre alimentation un moyen simple et pourtant tellement efficace pour retrouver la sant\u00e9 et la garder ?<\/em> C&rsquo;est toute l\u2019essence de ce blog.<\/p>\n<p>Alors bonne lecture parmi les <a href=\"https:\/\/marcwelter.com\/blogsansgluten\/nutrition-et-sante\/\">articles nutrition et sant\u00e9<\/a> qui abordent ce sujet plus en profondeur !<\/p>\n\n\n<hr class=\"wp-block-separator\"\/>\n\n\n\n<p><\/p>\n\n\n\n<p>Pour toute suggestion d&rsquo;ajout ou de modification, vous pouvez directement <a href=\"https:\/\/marcwelter.com\/blogsansgluten\/contact\/\" data-type=\"page\" data-id=\"23\">me contacter<\/a>.<\/p>\n\n\n\n<figure class=\"wp-block-embed is-type-wp-embed is-provider-blog-sans-gluten wp-block-embed-blog-sans-gluten\"><div class=\"wp-block-embed__wrapper\">\n<blockquote class=\"wp-embedded-content\" data-secret=\"vDewgWwCSm\"><a href=\"https:\/\/marcwelter.com\/blogsansgluten\/contact\/\">Contact<\/a><\/blockquote><iframe class=\"wp-embedded-content\" sandbox=\"allow-scripts\" security=\"restricted\" style=\"position: absolute; clip: rect(1px, 1px, 1px, 1px);\" title=\"\u00ab\u00a0Contact\u00a0\u00bb &#8212; Blog-Sans-Gluten\" src=\"https:\/\/marcwelter.com\/blogsansgluten\/contact\/embed\/#?secret=l5UayOmAys#?secret=vDewgWwCSm\" data-secret=\"vDewgWwCSm\" width=\"600\" height=\"338\" frameborder=\"0\" marginwidth=\"0\" marginheight=\"0\" scrolling=\"no\"><\/iframe>\n<\/div><\/figure>\n\n\n\n<hr class=\"wp-block-separator is-style-wide\"\/>\n\n\n\n<p>Enfin, pour lire des articles au fil de leur publication vous pouvez suivre le lien vers <a href=\"https:\/\/marcwelter.com\/blogsansgluten\/blog\/\" data-type=\"page\" data-id=\"2405\">l&rsquo;ensemble des articles du blog sans gluten<\/a>.<\/p>\n\n\n\n<p><\/p>\n\n\n\n<p><\/p>\n","protected":false},"excerpt":{"rendered":"<p>\u00a0 \u00a0 Vous trouverez ici une s\u00e9lection d&rsquo;informations sur l&rsquo;alimentation sans gluten, les intol\u00e9rances alimentaires et la nutrition sant\u00e9, que vous pourrez mettre en pratique sans attendre, pour agir tout en am\u00e9liorant rapidement votre compr\u00e9hension du sujet ! \u00a0 Lexique sans gluten Dans le lexique sans gluten, je vous ai rassembl\u00e9 une liste de d\u00e9finitions [&hellip;]<\/p>\n","protected":false},"author":1,"featured_media":12710,"parent":0,"menu_order":0,"comment_status":"closed","ping_status":"closed","template":"","meta":{"_seopress_robots_primary_cat":"","_seopress_titles_title":"Ressources sans gluten et intol\u00e9rances alimentaires","_seopress_titles_desc":"Vous trouverez ici une s\u00e9lection d&#039;informations sur l&#039;alimentation sans gluten et la nutrition sant\u00e9 : des ressources sans gluten pour agir et comprendre","_seopress_robots_index":"","_et_pb_use_builder":"","_et_pb_old_content":"","_et_gb_content_width":"1080","footnotes":""},"class_list":["post-1538","page","type-page","status-publish","has-post-thumbnail","hentry"],"jetpack_sharing_enabled":true,"_links":{"self":[{"href":"https:\/\/marcwelter.com\/blogsansgluten\/wp-json\/wp\/v2\/pages\/1538","targetHints":{"allow":["GET"]}}],"collection":[{"href":"https:\/\/marcwelter.com\/blogsansgluten\/wp-json\/wp\/v2\/pages"}],"about":[{"href":"https:\/\/marcwelter.com\/blogsansgluten\/wp-json\/wp\/v2\/types\/page"}],"author":[{"embeddable":true,"href":"https:\/\/marcwelter.com\/blogsansgluten\/wp-json\/wp\/v2\/users\/1"}],"replies":[{"embeddable":true,"href":"https:\/\/marcwelter.com\/blogsansgluten\/wp-json\/wp\/v2\/comments?post=1538"}],"version-history":[{"count":14,"href":"https:\/\/marcwelter.com\/blogsansgluten\/wp-json\/wp\/v2\/pages\/1538\/revisions"}],"predecessor-version":[{"id":14191,"href":"https:\/\/marcwelter.com\/blogsansgluten\/wp-json\/wp\/v2\/pages\/1538\/revisions\/14191"}],"wp:featuredmedia":[{"embeddable":true,"href":"https:\/\/marcwelter.com\/blogsansgluten\/wp-json\/wp\/v2\/media\/12710"}],"wp:attachment":[{"href":"https:\/\/marcwelter.com\/blogsansgluten\/wp-json\/wp\/v2\/media?parent=1538"}],"curies":[{"name":"wp","href":"https:\/\/api.w.org\/{rel}","templated":true}]}}